{"id":581,"date":"2018-12-09T21:22:40","date_gmt":"2018-12-09T19:22:40","guid":{"rendered":"http:\/\/grynefee.ee\/home\/"},"modified":"2018-12-09T21:42:30","modified_gmt":"2018-12-09T19:42:30","slug":"home","status":"publish","type":"page","link":"https:\/\/grynefee.ee\/en\/","title":{"rendered":"Home"},"content":{"rendered":"","protected":false},"excerpt":{"rendered":"<p>A taste of freshness in every day: fresh lettuce, fresh cucumber, fresh herbs<\/p>\n","protected":false},"author":1,"featured_media":0,"parent":0,"menu_order":0,"comment_status":"closed","ping_status":"closed","template":"","meta":{"om_disable_all_campaigns":false,"footnotes":""},"class_list":["post-581","page","type-page","status-publish","hentry"],"yoast_head":"<!-- This site is optimized with the Yoast SEO plugin v21.5 - https:\/\/yoast.com\/wordpress\/plugins\/seo\/ -->\n<title>Gr\u00fcne Fee - V\u00e4rskust igasse p\u00e4eva. - lettuces, cucumbers, herbs<\/title>\n<meta name=\"description\" content=\"Gr\u00fcne Fee is Estonia\u2019s largest producer of greenhouse lettuce, cucumber and herbs. The food we produce is pure thanks to pesticide-free growing methods.\" \/>\n<meta name=\"robots\" content=\"index, follow, max-snippet:-1, max-image-preview:large, max-video-preview:-1\" \/>\n<link rel=\"canonical\" href=\"https:\/\/grynefee.ee\/home\/\" \/>\n<meta property=\"og:locale\" content=\"en_US\" \/>\n<meta property=\"og:type\" content=\"article\" \/>\n<meta property=\"og:title\" content=\"Gr\u00fcne Fee - V\u00e4rskust igasse p\u00e4eva. - lettuces, cucumbers, herbs\" \/>\n<meta property=\"og:description\" content=\"Gr\u00fcne Fee is Estonia\u2019s largest producer of greenhouse lettuce, cucumber and herbs. The food we produce is pure thanks to pesticide-free growing methods.\" \/>\n<meta property=\"og:url\" content=\"https:\/\/grynefee.ee\/home\/\" \/>\n<meta property=\"og:site_name\" content=\"Gr\u00fcne Fee\" \/>\n<meta property=\"article:modified_time\" content=\"2018-12-09T19:42:30+00:00\" \/>\n<meta name=\"twitter:card\" content=\"summary_large_image\" \/>\n<script type=\"application\/ld+json\" class=\"yoast-schema-graph\">{\"@context\":\"https:\/\/schema.org\",\"@graph\":[{\"@type\":\"WebPage\",\"@id\":\"https:\/\/grynefee.ee\/home\/\",\"url\":\"https:\/\/grynefee.ee\/home\/\",\"name\":\"Gr\u00fcne Fee - V\u00e4rskust igasse p\u00e4eva. - lettuces, cucumbers, herbs\",\"isPartOf\":{\"@id\":\"https:\/\/grynefee.ee\/#website\"},\"datePublished\":\"2018-12-09T19:22:40+00:00\",\"dateModified\":\"2018-12-09T19:42:30+00:00\",\"description\":\"Gr\u00fcne Fee is Estonia\u2019s largest producer of greenhouse lettuce, cucumber and herbs. The food we produce is pure thanks to pesticide-free growing methods.\",\"breadcrumb\":{\"@id\":\"https:\/\/grynefee.ee\/home\/#breadcrumb\"},\"inLanguage\":\"en-US\",\"potentialAction\":[{\"@type\":\"ReadAction\",\"target\":[\"https:\/\/grynefee.ee\/home\/\"]}]},{\"@type\":\"BreadcrumbList\",\"@id\":\"https:\/\/grynefee.ee\/home\/#breadcrumb\",\"itemListElement\":[{\"@type\":\"ListItem\",\"position\":1,\"name\":\"Home\",\"item\":\"https:\/\/grynefee.ee\/home\/\"},{\"@type\":\"ListItem\",\"position\":2,\"name\":\"Home\"}]},{\"@type\":\"WebSite\",\"@id\":\"https:\/\/grynefee.ee\/#website\",\"url\":\"https:\/\/grynefee.ee\/\",\"name\":\"Gr\u00fcne Fee\",\"description\":\"V\u00e4rskust igasse p\u00e4eva.\",\"potentialAction\":[{\"@type\":\"SearchAction\",\"target\":{\"@type\":\"EntryPoint\",\"urlTemplate\":\"https:\/\/grynefee.ee\/?s={search_term_string}\"},\"query-input\":\"required name=search_term_string\"}],\"inLanguage\":\"en-US\"}]}<\/script>\n<!-- \/ Yoast SEO plugin. -->","yoast_head_json":{"title":"Gr\u00fcne Fee - V\u00e4rskust igasse p\u00e4eva. - lettuces, cucumbers, herbs","description":"Gr\u00fcne Fee is Estonia\u2019s largest producer of greenhouse lettuce, cucumber and herbs. The food we produce is pure thanks to pesticide-free growing methods.","robots":{"index":"index","follow":"follow","max-snippet":"max-snippet:-1","max-image-preview":"max-image-preview:large","max-video-preview":"max-video-preview:-1"},"canonical":"https:\/\/grynefee.ee\/home\/","og_locale":"en_US","og_type":"article","og_title":"Gr\u00fcne Fee - V\u00e4rskust igasse p\u00e4eva. - lettuces, cucumbers, herbs","og_description":"Gr\u00fcne Fee is Estonia\u2019s largest producer of greenhouse lettuce, cucumber and herbs. The food we produce is pure thanks to pesticide-free growing methods.","og_url":"https:\/\/grynefee.ee\/home\/","og_site_name":"Gr\u00fcne Fee","article_modified_time":"2018-12-09T19:42:30+00:00","twitter_card":"summary_large_image","schema":{"@context":"https:\/\/schema.org","@graph":[{"@type":"WebPage","@id":"https:\/\/grynefee.ee\/home\/","url":"https:\/\/grynefee.ee\/home\/","name":"Gr\u00fcne Fee - V\u00e4rskust igasse p\u00e4eva. - lettuces, cucumbers, herbs","isPartOf":{"@id":"https:\/\/grynefee.ee\/#website"},"datePublished":"2018-12-09T19:22:40+00:00","dateModified":"2018-12-09T19:42:30+00:00","description":"Gr\u00fcne Fee is Estonia\u2019s largest producer of greenhouse lettuce, cucumber and herbs. The food we produce is pure thanks to pesticide-free growing methods.","breadcrumb":{"@id":"https:\/\/grynefee.ee\/home\/#breadcrumb"},"inLanguage":"en-US","potentialAction":[{"@type":"ReadAction","target":["https:\/\/grynefee.ee\/home\/"]}]},{"@type":"BreadcrumbList","@id":"https:\/\/grynefee.ee\/home\/#breadcrumb","itemListElement":[{"@type":"ListItem","position":1,"name":"Home","item":"https:\/\/grynefee.ee\/home\/"},{"@type":"ListItem","position":2,"name":"Home"}]},{"@type":"WebSite","@id":"https:\/\/grynefee.ee\/#website","url":"https:\/\/grynefee.ee\/","name":"Gr\u00fcne Fee","description":"V\u00e4rskust igasse p\u00e4eva.","potentialAction":[{"@type":"SearchAction","target":{"@type":"EntryPoint","urlTemplate":"https:\/\/grynefee.ee\/?s={search_term_string}"},"query-input":"required name=search_term_string"}],"inLanguage":"en-US"}]}},"_links":{"self":[{"href":"https:\/\/grynefee.ee\/en\/wp-json\/wp\/v2\/pages\/581","targetHints":{"allow":["GET"]}}],"collection":[{"href":"https:\/\/grynefee.ee\/en\/wp-json\/wp\/v2\/pages"}],"about":[{"href":"https:\/\/grynefee.ee\/en\/wp-json\/wp\/v2\/types\/page"}],"author":[{"embeddable":true,"href":"https:\/\/grynefee.ee\/en\/wp-json\/wp\/v2\/users\/1"}],"replies":[{"embeddable":true,"href":"https:\/\/grynefee.ee\/en\/wp-json\/wp\/v2\/comments?post=581"}],"version-history":[{"count":0,"href":"https:\/\/grynefee.ee\/en\/wp-json\/wp\/v2\/pages\/581\/revisions"}],"wp:attachment":[{"href":"https:\/\/grynefee.ee\/en\/wp-json\/wp\/v2\/media?parent=581"}],"curies":[{"name":"wp","href":"https:\/\/api.w.org\/{rel}","templated":true}]}}