{"id":584,"date":"2018-12-09T21:23:12","date_gmt":"2018-12-09T19:23:12","guid":{"rendered":"http:\/\/grynefee.ee\/come-work-for-us\/"},"modified":"2018-12-12T17:44:17","modified_gmt":"2018-12-12T15:44:17","slug":"come-work-for-us","status":"publish","type":"page","link":"https:\/\/grynefee.ee\/en\/come-work-for-us\/","title":{"rendered":"Come work for us"},"content":{"rendered":"<h4 style=\"text-align: center;\">Join our team!<\/h4>\n<p>We do not have any active job offers at the moment, but we will contact you when we do.<\/p>\n<div class=\"caldera-grid\" id=\"caldera_form_1\" data-cf-ver=\"1.5.6.1\" data-cf-form-id=\"CF5c112bf7e41c0\"><div id=\"caldera_notices_1\" data-spinner=\"https:\/\/grynefee.ee\/wp-admin\/images\/spinner.gif\"><\/div><form data-instance=\"1\" class=\"CF5c112bf7e41c0 caldera_forms_form cfajax-trigger\" method=\"POST\" enctype=\"multipart\/form-data\" role=\"form\" id=\"CF5c112bf7e41c0_1\" data-form-id=\"CF5c112bf7e41c0\" data-target=\"#caldera_notices_1\" data-template=\"#cfajax_CF5c112bf7e41c0-tmpl\" data-cfajax=\"CF5c112bf7e41c0\" data-load-element=\"_parent\" data-load-class=\"cf_processing\" data-post-disable=\"0\" data-action=\"cf_process_ajax_submit\" data-request=\"https:\/\/grynefee.ee\/en\/\/cf-api\/CF5c112bf7e41c0\" data-hiderows=\"true\">\r\n<input type=\"hidden\" id=\"_cf_verify_CF5c112bf7e41c0\" name=\"_cf_verify\" value=\"4b763dbad3\"  data-nonce-time=\"1775645898\" \/><input type=\"hidden\" name=\"_wp_http_referer\" value=\"\/en\/wp-json\/wp\/v2\/pages\/584\" \/><input type=\"hidden\" name=\"_cf_frm_id\" value=\"CF5c112bf7e41c0\">\r\n<input type=\"hidden\" name=\"_cf_frm_ct\" value=\"1\">\r\n<input type=\"hidden\" name=\"cfajax\" value=\"CF5c112bf7e41c0\">\r\n<input type=\"hidden\" name=\"_cf_cr_pst\" value=\"584\">\r\n<div class=\"hide\" style=\"display:none; overflow:hidden;height:0;width:0;\">\r\n<label>Url<\/label><input type=\"text\" name=\"url\" value=\"\" autocomplete=\"off\">\r\n<\/div><div id=\"CF5c112bf7e41c0_1-row-1\"  class=\"row  single\"><div  class=\"col-sm-12  single\"><div role=\"field\" data-field-wrapper=\"fld_8768091\" class=\"form-group\" id=\"fld_8768091_1-wrap\">\r\n\t<label id=\"fld_8768091Label\" for=\"fld_8768091_1\" class=\"control-label screen-reader-text sr-only\">Name<\/label>\r\n\t<div class=\"\">\r\n\t\t<input placeholder=\"Name\"  required type=\"text\" data-field=\"fld_8768091\" class=\" form-control\" id=\"fld_8768091_1\" name=\"fld_8768091\" value=\"\" data-type=\"text\" aria-required=\"true\"   aria-labelledby=\"fld_8768091Label\" >\t\t\t<\/div>\r\n<\/div>\r\n<div role=\"field\" data-field-wrapper=\"fld_6009157\" class=\"form-group\" id=\"fld_6009157_1-wrap\">\r\n\t<label id=\"fld_6009157Label\" for=\"fld_6009157_1\" class=\"control-label screen-reader-text sr-only\">E-mail address<\/label>\r\n\t<div class=\"\">\r\n\t\t<input placeholder=\"E-mail address\"  required type=\"email\" data-field=\"fld_6009157\" class=\" form-control\" id=\"fld_6009157_1\" name=\"fld_6009157\" value=\"\" data-type=\"email\" aria-required=\"true\"   aria-labelledby=\"fld_6009157Label\" >\t\t\t<\/div>\r\n<\/div>\r\n<div role=\"field\" data-field-wrapper=\"fld_2871588\" class=\"form-group\" id=\"fld_2871588_1-wrap\">\r\n\t<label id=\"fld_2871588Label\" for=\"fld_2871588_1\" class=\"control-label screen-reader-text sr-only\">Position you are interested in<\/label>\r\n\t<div class=\"\">\r\n\t\t<input placeholder=\"Position you are interested in\"  required type=\"text\" data-field=\"fld_2871588\" class=\" form-control\" id=\"fld_2871588_1\" name=\"fld_2871588\" value=\"\" data-type=\"text\" aria-required=\"true\"   aria-labelledby=\"fld_2871588Label\" >\t\t\t<\/div>\r\n<\/div>\r\n<div role=\"field\" data-field-wrapper=\"fld_7683514\" class=\"form-group\" id=\"fld_7683514_1-wrap\">\r\n\t<label id=\"fld_7683514Label\" for=\"fld_7683514_1\" class=\"control-label screen-reader-text sr-only\">Letter of motivation<\/label>\r\n\t<div class=\"\">\r\n\t\t<textarea name=\"fld_7683514\" value=\"\" data-field=\"fld_7683514\" class=\"form-control\" id=\"fld_7683514_1\" rows=\"7\" placeholder=\"Letter of motivation\"    aria-labelledby=\"fld_7683514Label\" ><\/textarea>\r\n\t\t\t<\/div>\r\n<\/div>\r\n<div role=\"field\" data-field-wrapper=\"fld_7908577\" class=\"form-group\" id=\"fld_7908577_1-wrap\">\r\n<div class=\"\">\r\n\t<input  class=\"btn btn-default\" type=\"submit\" name=\"fld_7908577\" id=\"fld_7908577_1\" value=\"Send\" data-field=\"fld_7908577\"  >\r\n<\/div>\r\n<\/div>\r\n\t<input class=\"button_trigger_1\" type=\"hidden\" name=\"fld_7908577\" id=\"fld_7908577_1_btn\" value=\"\" data-field=\"fld_7908577\"  \/>\r\n<\/div><\/div><\/form>\r\n<\/div>\r\n\n","protected":false},"excerpt":{"rendered":"<p>Join our team! We do not have any active job offers at the moment, but we will contact you when&#8230;<\/p>\n","protected":false},"author":1,"featured_media":0,"parent":0,"menu_order":40,"comment_status":"closed","ping_status":"closed","template":"","meta":{"om_disable_all_campaigns":false,"footnotes":""},"class_list":["post-584","page","type-page","status-publish","hentry"],"yoast_head":"<!-- This site is optimized with the Yoast SEO plugin v21.5 - https:\/\/yoast.com\/wordpress\/plugins\/seo\/ -->\n<title>Come work for us - Gr\u00fcne Fee<\/title>\n<meta name=\"robots\" content=\"index, follow, max-snippet:-1, max-image-preview:large, max-video-preview:-1\" \/>\n<link rel=\"canonical\" href=\"https:\/\/grynefee.ee\/come-work-for-us\/\" \/>\n<meta property=\"og:locale\" content=\"en_US\" \/>\n<meta property=\"og:type\" content=\"article\" \/>\n<meta property=\"og:title\" content=\"Come work for us - Gr\u00fcne Fee\" \/>\n<meta property=\"og:description\" content=\"Join our team! We do not have any active job offers at the moment, but we will contact you when...\" \/>\n<meta property=\"og:url\" content=\"https:\/\/grynefee.ee\/come-work-for-us\/\" \/>\n<meta property=\"og:site_name\" content=\"Gr\u00fcne Fee\" \/>\n<meta property=\"article:modified_time\" content=\"2018-12-12T15:44:17+00:00\" \/>\n<meta name=\"twitter:card\" content=\"summary_large_image\" \/>\n<script type=\"application\/ld+json\" class=\"yoast-schema-graph\">{\"@context\":\"https:\/\/schema.org\",\"@graph\":[{\"@type\":\"WebPage\",\"@id\":\"https:\/\/grynefee.ee\/come-work-for-us\/\",\"url\":\"https:\/\/grynefee.ee\/come-work-for-us\/\",\"name\":\"Come work for us - Gr\u00fcne Fee\",\"isPartOf\":{\"@id\":\"https:\/\/grynefee.ee\/#website\"},\"datePublished\":\"2018-12-09T19:23:12+00:00\",\"dateModified\":\"2018-12-12T15:44:17+00:00\",\"breadcrumb\":{\"@id\":\"https:\/\/grynefee.ee\/come-work-for-us\/#breadcrumb\"},\"inLanguage\":\"en-US\",\"potentialAction\":[{\"@type\":\"ReadAction\",\"target\":[\"https:\/\/grynefee.ee\/come-work-for-us\/\"]}]},{\"@type\":\"BreadcrumbList\",\"@id\":\"https:\/\/grynefee.ee\/come-work-for-us\/#breadcrumb\",\"itemListElement\":[{\"@type\":\"ListItem\",\"position\":1,\"name\":\"Home\",\"item\":\"https:\/\/grynefee.ee\/home\/\"},{\"@type\":\"ListItem\",\"position\":2,\"name\":\"Come work for us\"}]},{\"@type\":\"WebSite\",\"@id\":\"https:\/\/grynefee.ee\/#website\",\"url\":\"https:\/\/grynefee.ee\/\",\"name\":\"Gr\u00fcne Fee\",\"description\":\"V\u00e4rskust igasse p\u00e4eva.\",\"potentialAction\":[{\"@type\":\"SearchAction\",\"target\":{\"@type\":\"EntryPoint\",\"urlTemplate\":\"https:\/\/grynefee.ee\/?s={search_term_string}\"},\"query-input\":\"required name=search_term_string\"}],\"inLanguage\":\"en-US\"}]}<\/script>\n<!-- \/ Yoast SEO plugin. -->","yoast_head_json":{"title":"Come work for us - Gr\u00fcne Fee","robots":{"index":"index","follow":"follow","max-snippet":"max-snippet:-1","max-image-preview":"max-image-preview:large","max-video-preview":"max-video-preview:-1"},"canonical":"https:\/\/grynefee.ee\/come-work-for-us\/","og_locale":"en_US","og_type":"article","og_title":"Come work for us - Gr\u00fcne Fee","og_description":"Join our team! We do not have any active job offers at the moment, but we will contact you when...","og_url":"https:\/\/grynefee.ee\/come-work-for-us\/","og_site_name":"Gr\u00fcne Fee","article_modified_time":"2018-12-12T15:44:17+00:00","twitter_card":"summary_large_image","schema":{"@context":"https:\/\/schema.org","@graph":[{"@type":"WebPage","@id":"https:\/\/grynefee.ee\/come-work-for-us\/","url":"https:\/\/grynefee.ee\/come-work-for-us\/","name":"Come work for us - Gr\u00fcne Fee","isPartOf":{"@id":"https:\/\/grynefee.ee\/#website"},"datePublished":"2018-12-09T19:23:12+00:00","dateModified":"2018-12-12T15:44:17+00:00","breadcrumb":{"@id":"https:\/\/grynefee.ee\/come-work-for-us\/#breadcrumb"},"inLanguage":"en-US","potentialAction":[{"@type":"ReadAction","target":["https:\/\/grynefee.ee\/come-work-for-us\/"]}]},{"@type":"BreadcrumbList","@id":"https:\/\/grynefee.ee\/come-work-for-us\/#breadcrumb","itemListElement":[{"@type":"ListItem","position":1,"name":"Home","item":"https:\/\/grynefee.ee\/home\/"},{"@type":"ListItem","position":2,"name":"Come work for us"}]},{"@type":"WebSite","@id":"https:\/\/grynefee.ee\/#website","url":"https:\/\/grynefee.ee\/","name":"Gr\u00fcne Fee","description":"V\u00e4rskust igasse p\u00e4eva.","potentialAction":[{"@type":"SearchAction","target":{"@type":"EntryPoint","urlTemplate":"https:\/\/grynefee.ee\/?s={search_term_string}"},"query-input":"required name=search_term_string"}],"inLanguage":"en-US"}]}},"_links":{"self":[{"href":"https:\/\/grynefee.ee\/en\/wp-json\/wp\/v2\/pages\/584","targetHints":{"allow":["GET"]}}],"collection":[{"href":"https:\/\/grynefee.ee\/en\/wp-json\/wp\/v2\/pages"}],"about":[{"href":"https:\/\/grynefee.ee\/en\/wp-json\/wp\/v2\/types\/page"}],"author":[{"embeddable":true,"href":"https:\/\/grynefee.ee\/en\/wp-json\/wp\/v2\/users\/1"}],"replies":[{"embeddable":true,"href":"https:\/\/grynefee.ee\/en\/wp-json\/wp\/v2\/comments?post=584"}],"version-history":[{"count":0,"href":"https:\/\/grynefee.ee\/en\/wp-json\/wp\/v2\/pages\/584\/revisions"}],"wp:attachment":[{"href":"https:\/\/grynefee.ee\/en\/wp-json\/wp\/v2\/media?parent=584"}],"curies":[{"name":"wp","href":"https:\/\/api.w.org\/{rel}","templated":true}]}}