{"id":585,"date":"2018-12-09T21:23:20","date_gmt":"2018-12-09T19:23:20","guid":{"rendered":"http:\/\/grynefee.ee\/contact-us\/"},"modified":"2025-09-19T11:19:39","modified_gmt":"2025-09-19T09:19:39","slug":"contact-us","status":"publish","type":"page","link":"https:\/\/grynefee.ee\/en\/contact-us\/","title":{"rendered":"Contact us"},"content":{"rendered":"<h4 id=\"u3850-2\">AS Gr\u00fcne Fee Eesti<\/h4>\n<p id=\"u3850-5\">Valguse tee 1, Lohkva<br \/>\n62207 Tartumaa, Eesti<br \/>\nTel. +372 7 488 010<br \/>\n<a class=\"nonblock\" href=\"mailto:info@grynefee.ee\">info@grynefee.ee<\/a><\/p>\n<h4>Gr\u00fcne Fee sales stand in Tartu Market Hall<\/h4>\n<p>Vabaduse pst 1, Tartu<br \/>\nE-L\u00a0 7.30-16.00<br \/>\nP\u00a0 \u00a0 \u00a0 9.00-15.00<br \/>\nTel: +372 5398 0021<br \/>\n<a href=\"mailto:kauplus@grynefee.ee\">kauplus@grynefee.ee<\/a><\/p>\n<h4>PRAISE &amp; CRITICISM<\/h4>\n<style id=\"wpforms-css-vars-898\">\n\t\t\t\t#wpforms-898 {\n\t\t\t\t--wpforms-container-padding: 0px;\n--wpforms-container-border-width: 1px;\n--wpforms-container-border-radius: 3px;\n--wpforms-background-color: rgba(0, 0, 0, 0);\n--wpforms-field-size-input-height: 43px;\n--wpforms-field-size-input-spacing: 15px;\n--wpforms-field-size-font-size: 16px;\n--wpforms-field-size-line-height: 19px;\n--wpforms-field-size-padding-h: 14px;\n--wpforms-field-size-checkbox-size: 16px;\n--wpforms-field-size-sublabel-spacing: 5px;\n--wpforms-field-size-icon-size: 1;\n--wpforms-label-size-font-size: 16px;\n--wpforms-label-size-line-height: 19px;\n--wpforms-label-size-sublabel-font-size: 14px;\n--wpforms-label-size-sublabel-line-height: 17px;\n--wpforms-button-size-font-size: 17px;\n--wpforms-button-size-height: 41px;\n--wpforms-button-size-padding-h: 15px;\n--wpforms-button-size-margin-top: 10px;\n--wpforms-container-shadow-size-box-shadow: none;\n\n\t\t\t}\n\t\t\t<\/style><div class=\"wpforms-container wpforms-container-full wpforms-render-modern\" id=\"wpforms-898\"><form id=\"wpforms-form-898\" class=\"wpforms-validate wpforms-form wpforms-ajax-form\" data-formid=\"898\" method=\"post\" enctype=\"multipart\/form-data\" action=\"\/en\/wp-json\/wp\/v2\/pages\/585\" data-token=\"e1d56498180671e71e59770d44f0a44c\" data-token-time=\"1776865072\"><noscript class=\"wpforms-error-noscript\">Please enable JavaScript in your browser to complete this form.<\/noscript><div id=\"wpforms-error-noscript\" style=\"display: none;\">Please enable JavaScript in your browser to complete this form.<\/div><div class=\"wpforms-field-container\"><div id=\"wpforms-898-field_1-container\" class=\"wpforms-field wpforms-field-name\" data-field-id=\"1\"><label class=\"wpforms-field-label\" for=\"wpforms-898-field_1\">Name (optional)<\/label><input type=\"text\" id=\"wpforms-898-field_1\" class=\"wpforms-field-medium\" name=\"wpforms[fields][1]\" aria-errormessage=\"wpforms-898-field_1-error\" ><\/div>\t\t<div id=\"wpforms-898-field_4-container\"\n\t\t\tclass=\"wpforms-field wpforms-field-text\"\n\t\t\tdata-field-type=\"text\"\n\t\t\tdata-field-id=\"4\"\n\t\t\t>\n\t\t\t<label class=\"wpforms-field-label\" for=\"wpforms-898-field_4\" >Name (optional) (optional)<\/label>\n\t\t\t<input type=\"text\" id=\"wpforms-898-field_4\" class=\"wpforms-field-medium\" name=\"wpforms[fields][4]\" >\n\t\t<\/div>\n\t\t<div id=\"wpforms-898-field_2-container\" class=\"wpforms-field wpforms-field-email\" data-field-id=\"2\"><label class=\"wpforms-field-label\" for=\"wpforms-898-field_2\">Email (optional)<\/label><input type=\"email\" id=\"wpforms-898-field_2\" class=\"wpforms-field-medium\" name=\"wpforms[fields][2]\" spellcheck=\"false\" aria-errormessage=\"wpforms-898-field_2-error\" ><\/div><div id=\"wpforms-898-field_3-container\" class=\"wpforms-field wpforms-field-textarea\" data-field-id=\"3\"><label class=\"wpforms-field-label\" for=\"wpforms-898-field_3\">Message <span class=\"wpforms-required-label\" aria-hidden=\"true\">*<\/span><\/label><textarea id=\"wpforms-898-field_3\" class=\"wpforms-field-medium wpforms-field-required\" name=\"wpforms[fields][3]\" aria-errormessage=\"wpforms-898-field_3-error\" required><\/textarea><\/div><script>\n\t\t\t\t( function() {\n\t\t\t\t\tconst style = document.createElement( 'style' );\n\t\t\t\t\tstyle.appendChild( document.createTextNode( '#wpforms-898-field_4-container { position: absolute !important; overflow: hidden !important; display: inline !important; height: 1px !important; width: 1px !important; z-index: -1000 !important; padding: 0 !important; } #wpforms-898-field_4-container input { visibility: hidden; } #wpforms-conversational-form-page #wpforms-898-field_4-container label { counter-increment: none; }' ) );\n\t\t\t\t\tdocument.head.appendChild( style );\n\t\t\t\t\tdocument.currentScript?.remove();\n\t\t\t\t} )();\n\t\t\t<\/script><\/div><!-- .wpforms-field-container --><div class=\"wpforms-submit-container\" ><input type=\"hidden\" name=\"wpforms[id]\" value=\"898\"><input type=\"hidden\" name=\"page_title\" value=\"\"><input type=\"hidden\" name=\"page_url\" value=\"https:\/\/grynefee.ee\/en\/wp-json\/wp\/v2\/pages\/585\"><input type=\"hidden\" name=\"url_referer\" value=\"\"><button type=\"submit\" name=\"wpforms[submit]\" id=\"wpforms-submit-898\" class=\"wpforms-submit\" data-alt-text=\"Sending...\" data-submit-text=\"Submit\" aria-live=\"assertive\" value=\"wpforms-submit\">Submit<\/button><img loading=\"lazy\" decoding=\"async\" src=\"https:\/\/grynefee.ee\/wp-content\/plugins\/wpforms-lite\/assets\/images\/submit-spin.svg\" class=\"wpforms-submit-spinner\" style=\"display: none;\" width=\"26\" height=\"26\" alt=\"Loading\"><\/div><\/form><\/div>  <!-- .wpforms-container -->\n<p><iframe loading=\"lazy\" style=\"border: 0;\" src=\"https:\/\/www.google.com\/maps\/embed?pb=!1m18!1m12!1m3!1d47342.61478921613!2d26.693783758806422!3d58.37202127604392!2m3!1f0!2f0!3f0!3m2!1i1024!2i768!4f13.1!3m3!1m2!1s0x46eb3125aee107bb%3A0x3fc963b83bd0f958!2sValguse%20tee%201a%2C%20Lohkva%2C%2062207%20Tartu%20maakond!5e0!3m2!1set!2see!4v1758267606949!5m2!1set!2see\" width=\"850\" height=\"450\" allowfullscreen=\"allowfullscreen\" data-mce-fragment=\"1\"><\/iframe><\/p>\n","protected":false},"excerpt":{"rendered":"<p>AS Gr\u00fcne Fee Eesti Valguse tee 1, Lohkva 62207 Tartumaa, Eesti Tel. +372 7 488 010 info@grynefee.ee Gr\u00fcne Fee sales&#8230;<\/p>\n","protected":false},"author":1,"featured_media":0,"parent":0,"menu_order":50,"comment_status":"closed","ping_status":"closed","template":"","meta":{"om_disable_all_campaigns":false,"footnotes":""},"class_list":["post-585","page","type-page","status-publish","hentry"],"yoast_head":"<!-- This site is optimized with the Yoast SEO plugin v21.5 - https:\/\/yoast.com\/wordpress\/plugins\/seo\/ -->\n<title>Contact us - Gr\u00fcne Fee<\/title>\n<meta name=\"robots\" content=\"index, follow, max-snippet:-1, max-image-preview:large, max-video-preview:-1\" \/>\n<link rel=\"canonical\" href=\"https:\/\/grynefee.ee\/en\/contact-us\/\" \/>\n<meta property=\"og:locale\" content=\"en_US\" \/>\n<meta property=\"og:type\" content=\"article\" \/>\n<meta property=\"og:title\" content=\"Contact us - Gr\u00fcne Fee\" \/>\n<meta property=\"og:description\" content=\"AS Gr\u00fcne Fee Eesti Valguse tee 1, Lohkva 62207 Tartumaa, Eesti Tel. +372 7 488 010 info@grynefee.ee Gr\u00fcne Fee sales...\" \/>\n<meta property=\"og:url\" content=\"https:\/\/grynefee.ee\/en\/contact-us\/\" \/>\n<meta property=\"og:site_name\" content=\"Gr\u00fcne Fee\" \/>\n<meta property=\"article:modified_time\" content=\"2025-09-19T09:19:39+00:00\" \/>\n<meta name=\"twitter:card\" content=\"summary_large_image\" \/>\n<meta name=\"twitter:label1\" content=\"Est. reading time\" \/>\n\t<meta name=\"twitter:data1\" content=\"1 minute\" \/>\n<script type=\"application\/ld+json\" class=\"yoast-schema-graph\">{\"@context\":\"https:\/\/schema.org\",\"@graph\":[{\"@type\":\"WebPage\",\"@id\":\"https:\/\/grynefee.ee\/en\/contact-us\/\",\"url\":\"https:\/\/grynefee.ee\/en\/contact-us\/\",\"name\":\"Contact us - Gr\u00fcne Fee\",\"isPartOf\":{\"@id\":\"https:\/\/grynefee.ee\/#website\"},\"datePublished\":\"2018-12-09T19:23:20+00:00\",\"dateModified\":\"2025-09-19T09:19:39+00:00\",\"breadcrumb\":{\"@id\":\"https:\/\/grynefee.ee\/en\/contact-us\/#breadcrumb\"},\"inLanguage\":\"en-US\",\"potentialAction\":[{\"@type\":\"ReadAction\",\"target\":[\"https:\/\/grynefee.ee\/en\/contact-us\/\"]}]},{\"@type\":\"BreadcrumbList\",\"@id\":\"https:\/\/grynefee.ee\/en\/contact-us\/#breadcrumb\",\"itemListElement\":[{\"@type\":\"ListItem\",\"position\":1,\"name\":\"Home\",\"item\":\"https:\/\/grynefee.ee\/home\/\"},{\"@type\":\"ListItem\",\"position\":2,\"name\":\"Contact us\"}]},{\"@type\":\"WebSite\",\"@id\":\"https:\/\/grynefee.ee\/#website\",\"url\":\"https:\/\/grynefee.ee\/\",\"name\":\"Gr\u00fcne Fee\",\"description\":\"V\u00e4rskust igasse p\u00e4eva.\",\"potentialAction\":[{\"@type\":\"SearchAction\",\"target\":{\"@type\":\"EntryPoint\",\"urlTemplate\":\"https:\/\/grynefee.ee\/?s={search_term_string}\"},\"query-input\":\"required name=search_term_string\"}],\"inLanguage\":\"en-US\"}]}<\/script>\n<!-- \/ Yoast SEO plugin. -->","yoast_head_json":{"title":"Contact us - Gr\u00fcne Fee","robots":{"index":"index","follow":"follow","max-snippet":"max-snippet:-1","max-image-preview":"max-image-preview:large","max-video-preview":"max-video-preview:-1"},"canonical":"https:\/\/grynefee.ee\/en\/contact-us\/","og_locale":"en_US","og_type":"article","og_title":"Contact us - Gr\u00fcne Fee","og_description":"AS Gr\u00fcne Fee Eesti Valguse tee 1, Lohkva 62207 Tartumaa, Eesti Tel. +372 7 488 010 info@grynefee.ee Gr\u00fcne Fee sales...","og_url":"https:\/\/grynefee.ee\/en\/contact-us\/","og_site_name":"Gr\u00fcne Fee","article_modified_time":"2025-09-19T09:19:39+00:00","twitter_card":"summary_large_image","twitter_misc":{"Est. reading time":"1 minute"},"schema":{"@context":"https:\/\/schema.org","@graph":[{"@type":"WebPage","@id":"https:\/\/grynefee.ee\/en\/contact-us\/","url":"https:\/\/grynefee.ee\/en\/contact-us\/","name":"Contact us - Gr\u00fcne Fee","isPartOf":{"@id":"https:\/\/grynefee.ee\/#website"},"datePublished":"2018-12-09T19:23:20+00:00","dateModified":"2025-09-19T09:19:39+00:00","breadcrumb":{"@id":"https:\/\/grynefee.ee\/en\/contact-us\/#breadcrumb"},"inLanguage":"en-US","potentialAction":[{"@type":"ReadAction","target":["https:\/\/grynefee.ee\/en\/contact-us\/"]}]},{"@type":"BreadcrumbList","@id":"https:\/\/grynefee.ee\/en\/contact-us\/#breadcrumb","itemListElement":[{"@type":"ListItem","position":1,"name":"Home","item":"https:\/\/grynefee.ee\/home\/"},{"@type":"ListItem","position":2,"name":"Contact us"}]},{"@type":"WebSite","@id":"https:\/\/grynefee.ee\/#website","url":"https:\/\/grynefee.ee\/","name":"Gr\u00fcne Fee","description":"V\u00e4rskust igasse p\u00e4eva.","potentialAction":[{"@type":"SearchAction","target":{"@type":"EntryPoint","urlTemplate":"https:\/\/grynefee.ee\/?s={search_term_string}"},"query-input":"required name=search_term_string"}],"inLanguage":"en-US"}]}},"_links":{"self":[{"href":"https:\/\/grynefee.ee\/en\/wp-json\/wp\/v2\/pages\/585","targetHints":{"allow":["GET"]}}],"collection":[{"href":"https:\/\/grynefee.ee\/en\/wp-json\/wp\/v2\/pages"}],"about":[{"href":"https:\/\/grynefee.ee\/en\/wp-json\/wp\/v2\/types\/page"}],"author":[{"embeddable":true,"href":"https:\/\/grynefee.ee\/en\/wp-json\/wp\/v2\/users\/1"}],"replies":[{"embeddable":true,"href":"https:\/\/grynefee.ee\/en\/wp-json\/wp\/v2\/comments?post=585"}],"version-history":[{"count":4,"href":"https:\/\/grynefee.ee\/en\/wp-json\/wp\/v2\/pages\/585\/revisions"}],"predecessor-version":[{"id":905,"href":"https:\/\/grynefee.ee\/en\/wp-json\/wp\/v2\/pages\/585\/revisions\/905"}],"wp:attachment":[{"href":"https:\/\/grynefee.ee\/en\/wp-json\/wp\/v2\/media?parent=585"}],"curies":[{"name":"wp","href":"https:\/\/api.w.org\/{rel}","templated":true}]}}