{"id":607,"date":"2018-12-09T21:27:32","date_gmt":"2018-12-09T19:27:32","guid":{"rendered":"http:\/\/grynefee.ee\/recipes\/subscribe-to-our-mailing-list\/"},"modified":"2018-12-09T21:27:32","modified_gmt":"2018-12-09T19:27:32","slug":"subscribe-to-our-mailing-list","status":"publish","type":"page","link":"https:\/\/grynefee.ee\/en\/recipes\/subscribe-to-our-mailing-list\/","title":{"rendered":"Subscribe to our mailing list"},"content":{"rendered":"<p>AS Gr\u00fcne Fee Eesti is a joint Estonian-Finnish company founded in 1993 on the grounds of the former Anne plant nursery of the Luunja state farm. We are located in the village of V\u00e4ike-Lohkva, bordering the city of Tartu. Our core activity is the year-round cultivation of cucumber, lettuce and herbs under glass. As Estonia\u2019s largest producer in this field, we employ more than a hundred people, whose dedicated work helps bring healthy ingredients to our customers\u2019 table. According to food experts, fresh locally grown produce is simply the best choice for satisfying your energy and vitamin needs.<\/p>\n<p>Subscribe to Gr\u00fcne Fee\u2019s mailing list to receive our equally fresh news and recipes!<\/p>\n<p>[mc4wp_form id=&#8221;153&#8243; \/]<\/p>\n","protected":false},"excerpt":{"rendered":"<p>AS Gr\u00fcne Fee Eesti is a joint Estonian-Finnish company founded in 1993 on the grounds of the former Anne plant&#8230;<\/p>\n","protected":false},"author":1,"featured_media":0,"parent":582,"menu_order":10,"comment_status":"closed","ping_status":"closed","template":"","meta":{"om_disable_all_campaigns":false,"footnotes":""},"class_list":["post-607","page","type-page","status-publish","hentry"],"yoast_head":"<!-- This site is optimized with the Yoast SEO plugin v21.5 - https:\/\/yoast.com\/wordpress\/plugins\/seo\/ -->\n<title>Subscribe to our mailing list - Gr\u00fcne Fee<\/title>\n<meta name=\"robots\" content=\"index, follow, max-snippet:-1, max-image-preview:large, max-video-preview:-1\" \/>\n<link rel=\"canonical\" href=\"https:\/\/grynefee.ee\/recipes\/subscribe-to-our-mailing-list\/\" \/>\n<meta property=\"og:locale\" content=\"en_US\" \/>\n<meta property=\"og:type\" content=\"article\" \/>\n<meta property=\"og:title\" content=\"Subscribe to our mailing list - Gr\u00fcne Fee\" \/>\n<meta property=\"og:description\" content=\"AS Gr\u00fcne Fee Eesti is a joint Estonian-Finnish company founded in 1993 on the grounds of the former Anne plant...\" \/>\n<meta property=\"og:url\" content=\"https:\/\/grynefee.ee\/recipes\/subscribe-to-our-mailing-list\/\" \/>\n<meta property=\"og:site_name\" content=\"Gr\u00fcne Fee\" \/>\n<meta name=\"twitter:card\" content=\"summary_large_image\" \/>\n<meta name=\"twitter:label1\" content=\"Est. reading time\" \/>\n\t<meta name=\"twitter:data1\" content=\"1 minute\" \/>\n<script type=\"application\/ld+json\" class=\"yoast-schema-graph\">{\"@context\":\"https:\/\/schema.org\",\"@graph\":[{\"@type\":\"WebPage\",\"@id\":\"https:\/\/grynefee.ee\/recipes\/subscribe-to-our-mailing-list\/\",\"url\":\"https:\/\/grynefee.ee\/recipes\/subscribe-to-our-mailing-list\/\",\"name\":\"Subscribe to our mailing list - Gr\u00fcne Fee\",\"isPartOf\":{\"@id\":\"https:\/\/grynefee.ee\/#website\"},\"datePublished\":\"2018-12-09T19:27:32+00:00\",\"dateModified\":\"2018-12-09T19:27:32+00:00\",\"breadcrumb\":{\"@id\":\"https:\/\/grynefee.ee\/recipes\/subscribe-to-our-mailing-list\/#breadcrumb\"},\"inLanguage\":\"en-US\",\"potentialAction\":[{\"@type\":\"ReadAction\",\"target\":[\"https:\/\/grynefee.ee\/recipes\/subscribe-to-our-mailing-list\/\"]}]},{\"@type\":\"BreadcrumbList\",\"@id\":\"https:\/\/grynefee.ee\/recipes\/subscribe-to-our-mailing-list\/#breadcrumb\",\"itemListElement\":[{\"@type\":\"ListItem\",\"position\":1,\"name\":\"Home\",\"item\":\"https:\/\/grynefee.ee\/home\/\"},{\"@type\":\"ListItem\",\"position\":2,\"name\":\"Recipes\",\"item\":\"https:\/\/grynefee.ee\/recipes\/\"},{\"@type\":\"ListItem\",\"position\":3,\"name\":\"Subscribe to our mailing list\"}]},{\"@type\":\"WebSite\",\"@id\":\"https:\/\/grynefee.ee\/#website\",\"url\":\"https:\/\/grynefee.ee\/\",\"name\":\"Gr\u00fcne Fee\",\"description\":\"V\u00e4rskust igasse p\u00e4eva.\",\"potentialAction\":[{\"@type\":\"SearchAction\",\"target\":{\"@type\":\"EntryPoint\",\"urlTemplate\":\"https:\/\/grynefee.ee\/?s={search_term_string}\"},\"query-input\":\"required name=search_term_string\"}],\"inLanguage\":\"en-US\"}]}<\/script>\n<!-- \/ Yoast SEO plugin. -->","yoast_head_json":{"title":"Subscribe to our mailing list - Gr\u00fcne Fee","robots":{"index":"index","follow":"follow","max-snippet":"max-snippet:-1","max-image-preview":"max-image-preview:large","max-video-preview":"max-video-preview:-1"},"canonical":"https:\/\/grynefee.ee\/recipes\/subscribe-to-our-mailing-list\/","og_locale":"en_US","og_type":"article","og_title":"Subscribe to our mailing list - Gr\u00fcne Fee","og_description":"AS Gr\u00fcne Fee Eesti is a joint Estonian-Finnish company founded in 1993 on the grounds of the former Anne plant...","og_url":"https:\/\/grynefee.ee\/recipes\/subscribe-to-our-mailing-list\/","og_site_name":"Gr\u00fcne Fee","twitter_card":"summary_large_image","twitter_misc":{"Est. reading time":"1 minute"},"schema":{"@context":"https:\/\/schema.org","@graph":[{"@type":"WebPage","@id":"https:\/\/grynefee.ee\/recipes\/subscribe-to-our-mailing-list\/","url":"https:\/\/grynefee.ee\/recipes\/subscribe-to-our-mailing-list\/","name":"Subscribe to our mailing list - Gr\u00fcne Fee","isPartOf":{"@id":"https:\/\/grynefee.ee\/#website"},"datePublished":"2018-12-09T19:27:32+00:00","dateModified":"2018-12-09T19:27:32+00:00","breadcrumb":{"@id":"https:\/\/grynefee.ee\/recipes\/subscribe-to-our-mailing-list\/#breadcrumb"},"inLanguage":"en-US","potentialAction":[{"@type":"ReadAction","target":["https:\/\/grynefee.ee\/recipes\/subscribe-to-our-mailing-list\/"]}]},{"@type":"BreadcrumbList","@id":"https:\/\/grynefee.ee\/recipes\/subscribe-to-our-mailing-list\/#breadcrumb","itemListElement":[{"@type":"ListItem","position":1,"name":"Home","item":"https:\/\/grynefee.ee\/home\/"},{"@type":"ListItem","position":2,"name":"Recipes","item":"https:\/\/grynefee.ee\/recipes\/"},{"@type":"ListItem","position":3,"name":"Subscribe to our mailing list"}]},{"@type":"WebSite","@id":"https:\/\/grynefee.ee\/#website","url":"https:\/\/grynefee.ee\/","name":"Gr\u00fcne Fee","description":"V\u00e4rskust igasse p\u00e4eva.","potentialAction":[{"@type":"SearchAction","target":{"@type":"EntryPoint","urlTemplate":"https:\/\/grynefee.ee\/?s={search_term_string}"},"query-input":"required name=search_term_string"}],"inLanguage":"en-US"}]}},"_links":{"self":[{"href":"https:\/\/grynefee.ee\/en\/wp-json\/wp\/v2\/pages\/607","targetHints":{"allow":["GET"]}}],"collection":[{"href":"https:\/\/grynefee.ee\/en\/wp-json\/wp\/v2\/pages"}],"about":[{"href":"https:\/\/grynefee.ee\/en\/wp-json\/wp\/v2\/types\/page"}],"author":[{"embeddable":true,"href":"https:\/\/grynefee.ee\/en\/wp-json\/wp\/v2\/users\/1"}],"replies":[{"embeddable":true,"href":"https:\/\/grynefee.ee\/en\/wp-json\/wp\/v2\/comments?post=607"}],"version-history":[{"count":0,"href":"https:\/\/grynefee.ee\/en\/wp-json\/wp\/v2\/pages\/607\/revisions"}],"up":[{"embeddable":true,"href":"https:\/\/grynefee.ee\/en\/wp-json\/wp\/v2\/pages\/582"}],"wp:attachment":[{"href":"https:\/\/grynefee.ee\/en\/wp-json\/wp\/v2\/media?parent=607"}],"curies":[{"name":"wp","href":"https:\/\/api.w.org\/{rel}","templated":true}]}}